{"id":1416,"date":"2024-02-08T20:15:22","date_gmt":"2024-02-08T23:15:22","guid":{"rendered":"https:\/\/vecinosdelinterior.com\/?page_id=1416"},"modified":"2024-02-08T20:15:22","modified_gmt":"2024-02-08T23:15:22","slug":"se-un-colaborador-o-suscriptor-de-nuestro-medio-de-comunicacion","status":"publish","type":"page","link":"https:\/\/vecinosdelinterior.com\/index.php\/se-un-colaborador-o-suscriptor-de-nuestro-medio-de-comunicacion\/","title":{"rendered":"S\u00e9 un colaborador o suscriptor de nuestro medio de comunicaci\u00f3n"},"content":{"rendered":"\n<figure class=\"wp-block-image\"><a href=\"https:\/\/vecinosdelapunta.net\/wp-content\/uploads\/2024\/02\/horizontal-gif-tre-sumas-1.gif\"><img decoding=\"async\" src=\"https:\/\/vecinosdelapunta.net\/wp-content\/uploads\/2024\/02\/horizontal-gif-tre-sumas-1.gif\" alt=\"\" class=\"wp-image-41093\"\/><\/a><\/figure>\n\n\n\n<p>En un contexto econ\u00f3mico donde&nbsp;<strong>mantener nuestras coberturas, equipamientos, equipo de trabajo, se torna dificil, es que contamos con el aporte de nuestra gran comunidad<\/strong>.<\/p>\n\n\n\n<p>Tu aporte puede ser m\u00ednimo, pero suma.<\/p>\n\n\n\n<figure class=\"wp-block-image\"><a href=\"https:\/\/link.mercadopago.com.ar\/vecinoswebs\" target=\"_blank\" rel=\"noreferrer noopener\"><img decoding=\"async\" src=\"https:\/\/vecinosdelapunta.net\/wp-content\/uploads\/2024\/02\/BOTON-COLABORACION-UNICA-1.png\" alt=\"\" class=\"wp-image-41097\"\/><\/a><\/figure>\n\n\n\n<figure class=\"wp-block-image\"><a href=\"https:\/\/www.mercadopago.com.ar\/subscriptions\/checkout?preapproval_plan_id=2c9380848d698db6018d757eb1d5072d\" target=\"_blank\" rel=\"noreferrer noopener\"><img decoding=\"async\" src=\"https:\/\/vecinosdelapunta.net\/wp-content\/uploads\/2024\/02\/BOTON-SUSCRIPCION-MENSUAL-1.png\" alt=\"\" class=\"wp-image-41098\"\/><\/a><\/figure>\n\n\n\n<p>Siendo colaborador por \u00fanica vez, como suscriptor<strong>&nbsp;tendr\u00e1s beneficios<\/strong>&nbsp;como:<\/p>\n\n\n\n<p><strong>Tener doble (colaborador) y cu\u00e1druple (suscriptor mensual) chance en los sorteos que realicemos.<\/strong><\/p>\n\n\n\n<p><strong>Pertener a nuestro grupo de whatsapp con la informaci\u00f3n directa, y antes que nadie, de lo que sucede en tu ciudad.<\/strong><\/p>\n\n\n\n<p><strong>Descuentos y promociones en comercios amigos.<\/strong><\/p>\n","protected":false},"excerpt":{"rendered":"<p>En un contexto econ\u00f3mico donde&nbsp;mantener nuestras coberturas, equipamientos, equipo de trabajo, se torna dificil, es que contamos con el aporte de nuestra gran comunidad. Tu aporte puede ser m\u00ednimo, pero suma. Siendo colaborador por \u00fanica vez, como suscriptor&nbsp;tendr\u00e1s beneficios&nbsp;como: Tener doble (colaborador) y cu\u00e1druple (suscriptor mensual) chance en los sorteos que realicemos. Pertener a nuestro [&hellip;]<\/p>\n","protected":false},"author":1,"featured_media":0,"parent":0,"menu_order":0,"comment_status":"closed","ping_status":"closed","template":"","meta":{"footnotes":""},"class_list":["post-1416","page","type-page","status-publish","hentry"],"_links":{"self":[{"href":"https:\/\/vecinosdelinterior.com\/index.php\/wp-json\/wp\/v2\/pages\/1416","targetHints":{"allow":["GET"]}}],"collection":[{"href":"https:\/\/vecinosdelinterior.com\/index.php\/wp-json\/wp\/v2\/pages"}],"about":[{"href":"https:\/\/vecinosdelinterior.com\/index.php\/wp-json\/wp\/v2\/types\/page"}],"author":[{"embeddable":true,"href":"https:\/\/vecinosdelinterior.com\/index.php\/wp-json\/wp\/v2\/users\/1"}],"replies":[{"embeddable":true,"href":"https:\/\/vecinosdelinterior.com\/index.php\/wp-json\/wp\/v2\/comments?post=1416"}],"version-history":[{"count":1,"href":"https:\/\/vecinosdelinterior.com\/index.php\/wp-json\/wp\/v2\/pages\/1416\/revisions"}],"predecessor-version":[{"id":1417,"href":"https:\/\/vecinosdelinterior.com\/index.php\/wp-json\/wp\/v2\/pages\/1416\/revisions\/1417"}],"wp:attachment":[{"href":"https:\/\/vecinosdelinterior.com\/index.php\/wp-json\/wp\/v2\/media?parent=1416"}],"curies":[{"name":"wp","href":"https:\/\/api.w.org\/{rel}","templated":true}]}}